{"id":18,"date":"2019-06-22T19:26:31","date_gmt":"2019-06-22T17:26:31","guid":{"rendered":"https:\/\/newsletter.nikolaihof.at\/reservierung\/?page_id=18"},"modified":"2019-06-22T19:26:59","modified_gmt":"2019-06-22T17:26:59","slug":"datenschutzerklaerung","status":"publish","type":"page","link":"https:\/\/newsletter.nikolaihof.at\/reservierung\/datenschutzerklaerung\/","title":{"rendered":"DSGVO"},"content":{"rendered":"<p>Impressum<br \/>\nFamilie Saahs<br \/>\nNikolaigasse 3, 3512 Mautern\/Wachau<br \/>\nT: +43 2732 82 901<br \/>\nE-Mail: wein(at)nikolaihof.at<\/p>\n<p>Grundlegende Richtung der Website<br \/>\nDiese Website stellt Informationen zu Produkten und Dienstleistungen meines Unternehmens dar.<\/p>\n<p>Datenschutzverordnung &#8211; DSGVO<br \/>\nWir freuen uns \u00fcber Ihr Interesse an unserer Website. Der Schutz Ihrer Privatsph\u00e4re ist f\u00fcr uns sehr wichtig. Nachstehend informieren wir Sie ausf\u00fchrlich \u00fcber den Umgang mit Ihren Daten.<br \/>\nErhebung, Verarbeitung und Nutzung personenbezogener Daten<br \/>\nSie k\u00f6nnen unsere Seite besuchen, ohne Angaben zu Ihrer Person zu machen. Wir speichern lediglich Zugriffsdaten ohne Personenbezug wie z.B. den Namen Ihres Internet Service Providers, die Seite, von der aus Sie uns besuchen oder den Namen der angeforderten Datei. Diese Daten werden ausschlie\u00dflich zur Verbesserung unseres Angebotes ausgewertet und erlauben keinen R\u00fcckschluss auf Ihre Person.<br \/>\nVerwendung von Cookies<br \/>\nAuf verschiedenen Seiten verwenden wir Cookies, um den Besuch unserer Website attraktiv zu gestalten und die Nutzung bestimmter Funktionen zu erm\u00f6glichen. Hierbei handelt es sich um kleine Textdateien, die auf Ihrem Rechner abgelegt werden. Die meisten der von uns verwendeten Cookies werden nach Ende der Browser-Sitzung wieder von Ihrer Festplatte gel\u00f6scht (sog. Sitzungs-Cookies). Andere Cookies verbleiben auf Ihrem Rechner und erm\u00f6glichen uns, Ihren Rechner bei Ihrem n\u00e4chsten Besuch wieder zu erkennen (sog. dauerhafte Cookies). Diese Cookies dienen der Begr\u00fc\u00dfung mit Ihrem Benutzernamen und er\u00fcbrigen Ihnen bei Folgebestellungen die erneute Eingabe Ihres Passwortes oder das Ausf\u00fcllen von Formularen mit Ihren Daten.<br \/>\nWenn Sie dies nicht w\u00fcnschen, so k\u00f6nnen Sie Ihren Browser so einrichten, dass er Sie \u00fcber das Setzen von Cookies informiert und Sie dies nur im Einzelfall erlauben.<br \/>\nBei der Deaktivierung von Cookies kann die Funktionalit\u00e4t unserer Website eingeschr\u00e4nkt sein.<br \/>\nUnseren Partnerunternehmen ist es nicht gestattet, \u00fcber unsere Website personenbezogene Daten mittels Cookies zu erheben, zu verarbeiten oder zu nutzen.<br \/>\nKontaktaufnahme per Email oder Formular<br \/>\nWenn Sie per Formular auf der Website oder per E-Mail Kontakt mit uns aufnehmen, werden Ihre angegebenen Daten zwecks Bearbeitung der Anfrage und f\u00fcr den Fall von Anschlussfragen sechs Monate bei uns gespeichert.<br \/>\nErstellung pseudonymer Nutzungsprofile zur Webanalyse<br \/>\nDie durch den Cookie erzeugten Informationen \u00fcber Ihre Benutzung dieses Internetangebotes werden auf unserem Server in Deutschland gespeichert. Die IP-Adresse wird sofort nach der Verarbeitung und vor deren Speicherung anonymisiert. Sie k\u00f6nnen die Installation der Cookies durch eine entsprechende Einstellung Ihrer Browser-Software verhindern; wir weisen Sie jedoch darauf hin, dass Sie in diesem Fall gegebenenfalls nicht s\u00e4mtliche Funktionen dieser Website vollumf\u00e4nglich nutzen k\u00f6nnen.<br \/>\nDie Datenverarbeitung erfolgt auf Basis der gesetzlichen Bestimmungen des \u00a7 96 Abs 3 TKG sowie des Art 6 Abs 1 lit a (Einwilligung) und\/oder f (berechtigtes Interesse) der DSGVO.<br \/>\nUnser Anliegen im Sinne der DSGVO (berechtigtes Interesse) ist die Verbesserung unseres Angebotes und unseres Webauftritts.<br \/>\nNewsletter<br \/>\nSie haben die M\u00f6glichkeit, \u00fcber unsere Website unseren Newsletter zu abonnieren. Hierf\u00fcr ben\u00f6tigen wir Ihre E-Mail-Adresse und ihre Erkl\u00e4rung, dass Sie mit dem Bezug des Newsletters einverstanden sind. Sobald Sie sich f\u00fcr den Newsletter angemeldet haben, senden wir Ihnen ein Best\u00e4tigungs-E-Mail.<br \/>\nDas Abo des Newsletters k\u00f6nnen Sie jederzeit stornieren. Senden Sie Ihre Stornierung bitte an folgende E-Mail-Adresse: wein@nikolaihof.at. Wir l\u00f6schen anschlie\u00dfend umgehend Ihre Daten im Zusammenhang mit dem Newsletter-Versand.<br \/>\nBei Anmeldung zum Newsletter wird Ihre E-Mail-Adresse nur f\u00fcr eigene Werbezwecke genutzt, bis Sie sich vom Newsletter abmelden.<br \/>\nAuskunftsrecht<br \/>\nNach dem Bundesdatenschutzgesetz haben Sie ein Recht auf unentgeltliche Auskunft \u00fcber Ihre gespeicherten Daten sowie ggf. ein Recht auf Berichtigung, Sperrung oder L\u00f6schung dieser Daten.<br \/>\nDie Datenverarbeitung erfolgt auf Basis der gesetzlichen Bestimmungen des \u00a7 96 Abs 3 TKG sowie des Art 6 Abs 1 lit a (Einwilligung) und\/oder lit b (notwendig zur Vertragserf\u00fcllung) der DSGVO.<br \/>\nAnsprechpartner f\u00fcr Datenschutz<br \/>\nBei Fragen zur Erhebung, Verarbeitung oder Nutzung Ihrer personenbezogenen Daten, bei Ausk\u00fcnften, Berichtigung, Sperrung oder L\u00f6schung von Daten sowie Widerruf erteilter Einwilligungen wenden Sie sich bitte an:<br \/>\nNikolaus Saahs<br \/>\nNikolaigasse 3<br \/>\n3512 Mautern<br \/>\nwein@nikolaihof.at<br \/>\nHaftungsausschluss<br \/>\nDer Nikolaihof verweist auf Seiten mit Links zu anderen Seiten im Internet. F\u00fcr alle Links gilt: Der Nikolaihof erkl\u00e4rt ausdr\u00fccklich, dass er keinerlei Einfluss auf die Gestaltung und verlinkten Seiten hat und distanziert sich ausdr\u00fccklich von allen Inhalten aller verlinkten Seiten Dritter auf www.nikolaihof.at\/.de bzw. .com und macht sich diese Inhalte nicht zu eigen. Diese Erkl\u00e4rung gilt auf alle angezeigten Links und f\u00fcr alle Inhalte der Seiten, zu denen Links f\u00fchren.<br \/>\nKammerzugeh\u00f6rigkeit<br \/>\nMitglied bei der Wirtschaftskammer Krems, Sparte Tourismus und Freizeitwirtschaft, Gastgewerbe.<br \/>\nZust\u00e4ndige Beh\u00f6rden<br \/>\nLandesgericht Krems<br \/>\nBezirkshauptmannschaft Krems<\/p>\n","protected":false},"excerpt":{"rendered":"<p>Impressum Familie Saahs Nikolaigasse 3, 3512 Mautern\/Wachau T: +43 2732 82 901 E-Mail: wein(at)nikolaihof.at Grundlegende Richtung der Website Diese Website stellt Informationen [&hellip;]<\/p>\n","protected":false},"author":1,"featured_media":0,"parent":0,"menu_order":0,"comment_status":"closed","ping_status":"closed","template":"","meta":{"footnotes":""},"class_list":["post-18","page","type-page","status-publish","hentry"],"_links":{"self":[{"href":"https:\/\/newsletter.nikolaihof.at\/reservierung\/wp-json\/wp\/v2\/pages\/18","targetHints":{"allow":["GET"]}}],"collection":[{"href":"https:\/\/newsletter.nikolaihof.at\/reservierung\/wp-json\/wp\/v2\/pages"}],"about":[{"href":"https:\/\/newsletter.nikolaihof.at\/reservierung\/wp-json\/wp\/v2\/types\/page"}],"author":[{"embeddable":true,"href":"https:\/\/newsletter.nikolaihof.at\/reservierung\/wp-json\/wp\/v2\/users\/1"}],"replies":[{"embeddable":true,"href":"https:\/\/newsletter.nikolaihof.at\/reservierung\/wp-json\/wp\/v2\/comments?post=18"}],"version-history":[{"count":1,"href":"https:\/\/newsletter.nikolaihof.at\/reservierung\/wp-json\/wp\/v2\/pages\/18\/revisions"}],"predecessor-version":[{"id":19,"href":"https:\/\/newsletter.nikolaihof.at\/reservierung\/wp-json\/wp\/v2\/pages\/18\/revisions\/19"}],"wp:attachment":[{"href":"https:\/\/newsletter.nikolaihof.at\/reservierung\/wp-json\/wp\/v2\/media?parent=18"}],"curies":[{"name":"wp","href":"https:\/\/api.w.org\/{rel}","templated":true}]}}